{"id":3527,"date":"2018-05-30T13:25:59","date_gmt":"2018-05-30T13:25:59","guid":{"rendered":"http:\/\/amba.com.br\/?page_id=3527"},"modified":"2018-05-30T13:28:21","modified_gmt":"2018-05-30T13:28:21","slug":"about-2","status":"publish","type":"page","link":"https:\/\/amba.org.br\/?page_id=3527","title":{"rendered":"Publica\u00e7\u00f5es Cient\u00edficas"},"content":{"rendered":"","protected":false},"excerpt":{"rendered":"","protected":false},"author":2,"featured_media":1673,"parent":0,"menu_order":0,"comment_status":"open","ping_status":"open","template":"","meta":{"footnotes":"","_links_to":"","_links_to_target":""},"_links":{"self":[{"href":"https:\/\/amba.org.br\/index.php?rest_route=\/wp\/v2\/pages\/3527"}],"collection":[{"href":"https:\/\/amba.org.br\/index.php?rest_route=\/wp\/v2\/pages"}],"about":[{"href":"https:\/\/amba.org.br\/index.php?rest_route=\/wp\/v2\/types\/page"}],"author":[{"embeddable":true,"href":"https:\/\/amba.org.br\/index.php?rest_route=\/wp\/v2\/users\/2"}],"replies":[{"embeddable":true,"href":"https:\/\/amba.org.br\/index.php?rest_route=%2Fwp%2Fv2%2Fcomments&post=3527"}],"version-history":[{"count":1,"href":"https:\/\/amba.org.br\/index.php?rest_route=\/wp\/v2\/pages\/3527\/revisions"}],"predecessor-version":[{"id":3528,"href":"https:\/\/amba.org.br\/index.php?rest_route=\/wp\/v2\/pages\/3527\/revisions\/3528"}],"wp:featuredmedia":[{"embeddable":true,"href":"https:\/\/amba.org.br\/index.php?rest_route=\/"}],"wp:attachment":[{"href":"https:\/\/amba.org.br\/index.php?rest_route=%2Fwp%2Fv2%2Fmedia&parent=3527"}],"curies":[{"name":"wp","href":"https:\/\/api.w.org\/{rel}","templated":true}]}}